{"id":23,"date":"2026-04-13T22:23:54","date_gmt":"2026-04-13T22:23:54","guid":{"rendered":"https:\/\/www.tiendanatomi.com\/?page_id=23"},"modified":"2026-04-14T03:35:37","modified_gmt":"2026-04-14T03:35:37","slug":"home","status":"publish","type":"page","link":"https:\/\/www.tiendanatomi.com\/","title":{"rendered":"Home"},"content":{"rendered":"<p>[et_pb_section fb_built=\u00bb1&#8243; _builder_version=\u00bb4.27.4&#8243; _module_preset=\u00bbdefault\u00bb min_height=\u00bb927.5px\u00bb custom_padding=\u00bb||0px|||\u00bb global_colors_info=\u00bb{}\u00bb][et_pb_row column_structure=\u00bb1_2,1_2&#8243; use_custom_gutter=\u00bbon\u00bb gutter_width=\u00bb2&#8243; _builder_version=\u00bb4.27.4&#8243; _module_preset=\u00bbdefault\u00bb max_width=\u00bb600px\u00bb module_alignment=\u00bbright\u00bb custom_margin=\u00bb||||false|false\u00bb custom_padding=\u00bb|119px|||false|false\u00bb global_colors_info=\u00bb{}\u00bb][et_pb_column type=\u00bb1_2&#8243; _builder_version=\u00bb4.27.4&#8243; _module_preset=\u00bbdefault\u00bb global_colors_info=\u00bb{}\u00bb][et_pb_text _builder_version=\u00bb4.27.4&#8243; _module_preset=\u00bbdefault\u00bb text_font=\u00bb&#8211;et_global_body_font|600|||||||\u00bb text_text_color=\u00bb#000000&#8243; text_font_size=\u00bb38px\u00bb text_line_height=\u00bb1em\u00bb text_orientation=\u00bbright\u00bb custom_margin=\u00bb13px|||||\u00bb global_colors_info=\u00bb{}\u00bb]<\/p>\n<p>Productos<\/p>\n<p>[\/et_pb_text][\/et_pb_column][et_pb_column type=\u00bb1_2&#8243; _builder_version=\u00bb4.27.4&#8243; _module_preset=\u00bbdefault\u00bb global_colors_info=\u00bb{}\u00bb][et_pb_text _builder_version=\u00bb4.27.4&#8243; _module_preset=\u00bbdefault\u00bb text_font=\u00bb&#8211;et_global_body_font|600|||||||\u00bb text_text_color=\u00bb#5f38a5&#8243; text_font_size=\u00bb38px\u00bb text_line_height=\u00bb1em\u00bb text_orientation=\u00bbcenter\u00bb custom_padding=\u00bb6px|10px|6px|10px|true|true\u00bb border_radii=\u00bbon|10px|10px|10px|10px\u00bb border_width_all=\u00bb5px\u00bb border_color_all=\u00bb#5f38a5&#8243; global_colors_info=\u00bb{}\u00bb]<\/p>\n<p>Destacados<\/p>\n<p>[\/et_pb_text][\/et_pb_column][\/et_pb_row][et_pb_row column_structure=\u00bb2_5,3_5&#8243; _builder_version=\u00bb4.27.4&#8243; _module_preset=\u00bbdefault\u00bb width=\u00bb90%\u00bb max_width=\u00bb100%\u00bb custom_padding=\u00bb3px||11px|||\u00bb global_colors_info=\u00bb{}\u00bb][et_pb_column type=\u00bb2_5&#8243; _builder_version=\u00bb4.27.4&#8243; _module_preset=\u00bbdefault\u00bb animation_style=\u00bbslide\u00bb animation_direction=\u00bbleft\u00bb global_colors_info=\u00bb{}\u00bb][et_pb_image src=\u00bbhttps:\/\/www.tiendanatomi.com\/wp-content\/uploads\/2026\/04\/ima4.jpg\u00bb title_text=\u00bbima4&#8243; _builder_version=\u00bb4.27.4&#8243; _module_preset=\u00bbdefault\u00bb custom_margin=\u00bb-115px||||false|false\u00bb box_shadow_style=\u00bbpreset1&#8243; global_colors_info=\u00bb{}\u00bb][\/et_pb_image][\/et_pb_column][et_pb_column type=\u00bb3_5&#8243; _builder_version=\u00bb4.27.4&#8243; _module_preset=\u00bbdefault\u00bb animation_style=\u00bbslide\u00bb animation_direction=\u00bbright\u00bb global_colors_info=\u00bb{}\u00bb][et_pb_shop columns_number=\u00bb3&#8243; module_id=\u00bbproductos\u00bb _builder_version=\u00bb4.27.4&#8243; _module_preset=\u00bbdefault\u00bb global_colors_info=\u00bb{}\u00bb][\/et_pb_shop][\/et_pb_column][\/et_pb_row][et_pb_row column_structure=\u00bb1_4,1_4,1_4,1_4&#8243; _builder_version=\u00bb4.27.4&#8243; _module_preset=\u00bbdefault\u00bb use_background_color_gradient=\u00bbon\u00bb background_color_gradient_direction=\u00bb90deg\u00bb background_color_gradient_stops=\u00bb#5f38a5 0%|#ee3642 100%\u00bb z_index=\u00bb100&#8243; custom_margin=\u00bb||-45px||false|false\u00bb border_radii=\u00bbon|50px|50px|50px|50px\u00bb global_colors_info=\u00bb{}\u00bb][et_pb_column type=\u00bb1_4&#8243; _builder_version=\u00bb4.27.4&#8243; _module_preset=\u00bbdefault\u00bb global_colors_info=\u00bb{}\u00bb][et_pb_blurb image=\u00bbhttps:\/\/www.tiendanatomi.com\/wp-content\/uploads\/2026\/04\/icono1.png\u00bb icon_placement=\u00bbleft\u00bb image_icon_width=\u00bb70px\u00bb _builder_version=\u00bb4.27.4&#8243; _module_preset=\u00bbdefault\u00bb header_text_color=\u00bb#FFFFFF\u00bb header_font_size=\u00bb21px\u00bb body_font=\u00bb&#8211;et_global_body_font|300|||||||\u00bb body_text_color=\u00bb#FFFFFF\u00bb body_font_size=\u00bb20px\u00bb image_icon_custom_margin=\u00bb||||false|false\u00bb image_icon_custom_padding=\u00bb||||false|false\u00bb z_index=\u00bb300&#8243; width=\u00bb100%\u00bb overflow-x=\u00bbvisible\u00bb overflow-y=\u00bbvisible\u00bb custom_margin=\u00bb||||false|false\u00bb custom_padding=\u00bb20px|20px|20px|20px|false|true\u00bb animation_style=\u00bbslide\u00bb animation_direction=\u00bbbottom\u00bb border_radii=\u00bboff|20px|20px|20px|50px\u00bb global_colors_info=\u00bb{}\u00bb]<\/p>\n<p>Pagos Contraentrega<\/p>\n<p>[\/et_pb_blurb][\/et_pb_column][et_pb_column type=\u00bb1_4&#8243; _builder_version=\u00bb4.27.4&#8243; _module_preset=\u00bbdefault\u00bb global_colors_info=\u00bb{}\u00bb][et_pb_blurb image=\u00bbhttps:\/\/www.tiendanatomi.com\/wp-content\/uploads\/2026\/04\/icono2.png\u00bb icon_placement=\u00bbleft\u00bb image_icon_width=\u00bb70px\u00bb _builder_version=\u00bb4.27.4&#8243; _module_preset=\u00bbdefault\u00bb header_text_color=\u00bb#FFFFFF\u00bb header_font_size=\u00bb21px\u00bb body_font=\u00bb&#8211;et_global_body_font|300|||||||\u00bb body_text_color=\u00bb#FFFFFF\u00bb body_font_size=\u00bb20px\u00bb image_icon_custom_margin=\u00bb||||false|false\u00bb image_icon_custom_padding=\u00bb||||false|false\u00bb z_index=\u00bb300&#8243; width=\u00bb100%\u00bb overflow-x=\u00bbvisible\u00bb overflow-y=\u00bbvisible\u00bb custom_margin=\u00bb||||false|false\u00bb custom_padding=\u00bb20px|20px|20px|20px|false|true\u00bb animation_style=\u00bbslide\u00bb animation_direction=\u00bbbottom\u00bb border_radii=\u00bboff|20px|20px|20px|50px\u00bb global_colors_info=\u00bb{}\u00bb]<\/p>\n<p>Env\u00edos R\u00e1pidos<\/p>\n<p>[\/et_pb_blurb][\/et_pb_column][et_pb_column type=\u00bb1_4&#8243; _builder_version=\u00bb4.27.4&#8243; _module_preset=\u00bbdefault\u00bb global_colors_info=\u00bb{}\u00bb][et_pb_blurb image=\u00bbhttps:\/\/www.tiendanatomi.com\/wp-content\/uploads\/2026\/04\/icono3.png\u00bb icon_placement=\u00bbleft\u00bb image_icon_width=\u00bb45px\u00bb _builder_version=\u00bb4.27.4&#8243; _module_preset=\u00bbdefault\u00bb header_text_color=\u00bb#FFFFFF\u00bb header_font_size=\u00bb21px\u00bb body_font=\u00bb&#8211;et_global_body_font|300|||||||\u00bb body_text_color=\u00bb#FFFFFF\u00bb body_font_size=\u00bb20px\u00bb image_icon_custom_margin=\u00bb||||false|false\u00bb image_icon_custom_padding=\u00bb||||false|false\u00bb z_index=\u00bb300&#8243; width=\u00bb100%\u00bb overflow-x=\u00bbvisible\u00bb overflow-y=\u00bbvisible\u00bb custom_margin=\u00bb||||false|false\u00bb custom_padding=\u00bb20px|20px|20px|20px|false|true\u00bb animation_style=\u00bbslide\u00bb animation_direction=\u00bbbottom\u00bb border_radii=\u00bboff|20px|20px|20px|50px\u00bb global_colors_info=\u00bb{}\u00bb]<\/p>\n<p>Compra<br \/>Segura<\/p>\n<p>[\/et_pb_blurb][\/et_pb_column][et_pb_column type=\u00bb1_4&#8243; _builder_version=\u00bb4.27.4&#8243; _module_preset=\u00bbdefault\u00bb global_colors_info=\u00bb{}\u00bb][et_pb_blurb image=\u00bbhttps:\/\/www.tiendanatomi.com\/wp-content\/uploads\/2026\/04\/icono1.png\u00bb icon_placement=\u00bbleft\u00bb image_icon_width=\u00bb70px\u00bb _builder_version=\u00bb4.27.4&#8243; _module_preset=\u00bbdefault\u00bb header_text_color=\u00bb#FFFFFF\u00bb header_font_size=\u00bb21px\u00bb body_font=\u00bb&#8211;et_global_body_font|300|||||||\u00bb body_text_color=\u00bb#FFFFFF\u00bb body_font_size=\u00bb20px\u00bb image_icon_custom_margin=\u00bb||||false|false\u00bb image_icon_custom_padding=\u00bb||||false|false\u00bb z_index=\u00bb300&#8243; width=\u00bb100%\u00bb overflow-x=\u00bbvisible\u00bb overflow-y=\u00bbvisible\u00bb custom_margin=\u00bb||||false|false\u00bb custom_padding=\u00bb20px|20px|20px|20px|false|true\u00bb animation_style=\u00bbslide\u00bb animation_direction=\u00bbbottom\u00bb border_radii=\u00bboff|20px|20px|20px|50px\u00bb global_colors_info=\u00bb{}\u00bb]<\/p>\n<p>Productos de Calidad<\/p>\n<p>[\/et_pb_blurb][\/et_pb_column][\/et_pb_row][\/et_pb_section][et_pb_section fb_built=\u00bb1&#8243; _builder_version=\u00bb4.27.4&#8243; _module_preset=\u00bbdefault\u00bb background_image=\u00bbhttps:\/\/www.tiendanatomi.com\/wp-content\/uploads\/2026\/04\/fondo2.jpg\u00bb parallax=\u00bbon\u00bb custom_padding=\u00bb21px||0px|||\u00bb global_colors_info=\u00bb{}\u00bb][et_pb_row column_structure=\u00bb1_3,1_3,1_3&#8243; use_custom_gutter=\u00bbon\u00bb gutter_width=\u00bb1&#8243; _builder_version=\u00bb4.27.4&#8243; _module_preset=\u00bbdefault\u00bb width=\u00bb90%\u00bb max_width=\u00bb100%\u00bb custom_margin=\u00bb53px|auto||auto||\u00bb custom_padding=\u00bb0px||0px|||\u00bb global_colors_info=\u00bb{}\u00bb][et_pb_column type=\u00bb1_3&#8243; _builder_version=\u00bb4.27.4&#8243; _module_preset=\u00bbdefault\u00bb background_color=\u00bbrgba(255,255,255,0.46)\u00bb custom_padding=\u00bb20px|27px|20px|27px|true|true\u00bb animation_style=\u00bbslide\u00bb animation_direction=\u00bbleft\u00bb global_colors_info=\u00bb{}\u00bb][et_pb_text module_id=\u00bbquienessomos\u00bb _builder_version=\u00bb4.27.4&#8243; _module_preset=\u00bbdefault\u00bb text_font=\u00bb&#8211;et_global_body_font|600||on|||||\u00bb text_text_color=\u00bb#5f38a5&#8243; text_font_size=\u00bb38px\u00bb text_line_height=\u00bb1em\u00bb text_orientation=\u00bbright\u00bb custom_margin=\u00bb13px|||||\u00bb global_colors_info=\u00bb{}\u00bb]<\/p>\n<p style=\"text-align: center;\">Qui\u00e9nes somos<\/p>\n<p>[\/et_pb_text][et_pb_text _builder_version=\u00bb4.27.4&#8243; _module_preset=\u00bbdefault\u00bb text_font=\u00bb&#8211;et_global_body_font|300|||||||\u00bb text_text_color=\u00bb#000000&#8243; text_font_size=\u00bb20px\u00bb text_line_height=\u00bb1.4em\u00bb custom_margin=\u00bb13px|||||\u00bb global_colors_info=\u00bb{}\u00bb]<\/p>\n<p>En Natomi somos una empresa colombiana dedicada a la confecci\u00f3n y comercializaci\u00f3n de uniformes antifluido de alta calidad.<\/p>\n<p style=\"text-align: left;\">Nos apasiona ofrecer prendas que combinan protecci\u00f3n, comodidad y estilo, entendiendo las exigencias del d\u00eda a d\u00eda en entornos laborales donde la higiene, la seguridad y la presentaci\u00f3n son fundamentales. Cada una de nuestras piezas es confeccionada en Colombia, apoyando la industria nacional y garantizando altos est\u00e1ndares en cada detalle.<\/p>\n<p>[\/et_pb_text][\/et_pb_column][et_pb_column type=\u00bb1_3&#8243; _builder_version=\u00bb4.27.4&#8243; _module_preset=\u00bbdefault\u00bb animation_style=\u00bbslide\u00bb global_colors_info=\u00bb{}\u00bb][et_pb_image src=\u00bbhttps:\/\/www.tiendanatomi.com\/wp-content\/uploads\/2026\/04\/ima5.png\u00bb title_text=\u00bbima5&#8243; _builder_version=\u00bb4.27.4&#8243; _module_preset=\u00bbdefault\u00bb global_colors_info=\u00bb{}\u00bb][\/et_pb_image][\/et_pb_column][et_pb_column type=\u00bb1_3&#8243; _builder_version=\u00bb4.27.4&#8243; _module_preset=\u00bbdefault\u00bb background_color=\u00bbRGBA(255,255,255,0)\u00bb custom_padding=\u00bb0px|0px|0px|14px|true|false\u00bb animation_style=\u00bbslide\u00bb animation_direction=\u00bbright\u00bb global_colors_info=\u00bb{}\u00bb][et_pb_text _builder_version=\u00bb4.27.4&#8243; _module_preset=\u00bbdefault\u00bb text_font=\u00bb&#8211;et_global_body_font|600|||||||\u00bb text_text_color=\u00bb#ee3642&#8243; text_font_size=\u00bb33px\u00bb text_line_height=\u00bb1em\u00bb custom_margin=\u00bb13px|||||\u00bb global_colors_info=\u00bb{}\u00bb]<\/p>\n<p style=\"text-align: left;\">\u00bfPor qu\u00e9 Escogernos?<\/p>\n<p>[\/et_pb_text][et_pb_text _builder_version=\u00bb4.27.4&#8243; _module_preset=\u00bbdefault\u00bb text_font=\u00bb&#8211;et_global_body_font|300|||||||\u00bb text_text_color=\u00bb#000000&#8243; text_font_size=\u00bb20px\u00bb text_line_height=\u00bb1.4em\u00bb custom_margin=\u00bb13px|||||\u00bb global_colors_info=\u00bb{}\u00bb]<\/p>\n<p>Elegir Natomi es confiar en calidad, compromiso y experiencia. Nos diferenciamos por:<\/p>\n<p><img loading=\"lazy\" decoding=\"async\" src=\"https:\/\/www.tiendanatomi.com\/wp-content\/uploads\/2026\/04\/icono-8.png\" width=\"15\" height=\"14\" alt=\"\" class=\"wp-image-51 alignnone size-full\" \/> Protecci\u00f3n garantizada: Nuestros uniformes antifluidos est\u00e1n dise\u00f1ados para brindar seguridad frente a salpicaduras y agentes externos.<\/p>\n<p><img loading=\"lazy\" decoding=\"async\" src=\"https:\/\/www.tiendanatomi.com\/wp-content\/uploads\/2026\/04\/icono-8.png\" width=\"15\" height=\"14\" alt=\"\" class=\"wp-image-51 alignnone size-full\" \/> Comodidad superior: Utilizamos telas livianas, frescas y resistentes, ideales para largas jornadas laborales.<\/p>\n<p><img loading=\"lazy\" decoding=\"async\" src=\"https:\/\/www.tiendanatomi.com\/wp-content\/uploads\/2026\/04\/icono-8.png\" width=\"15\" height=\"14\" alt=\"\" class=\"wp-image-51 alignnone size-full\" \/> Dise\u00f1o funcional y moderno: Pensamos en la movilidad, practicidad y buena presentaci\u00f3n de nuestros clientes.<\/p>\n<p><img loading=\"lazy\" decoding=\"async\" src=\"https:\/\/www.tiendanatomi.com\/wp-content\/uploads\/2026\/04\/icono-8.png\" width=\"15\" height=\"14\" alt=\"\" class=\"wp-image-51 alignnone size-full\" \/>Fabricaci\u00f3n nacional: Orgullosamente confeccionado en Colombia, generando empleo y apoyando el talento local.<\/p>\n<p><img loading=\"lazy\" decoding=\"async\" src=\"https:\/\/www.tiendanatomi.com\/wp-content\/uploads\/2026\/04\/icono-8.png\" width=\"15\" height=\"14\" alt=\"\" class=\"wp-image-51 alignnone size-full\" \/> Personalizaci\u00f3n: Adaptamos dise\u00f1os, colores y detalles seg\u00fan las necesidades de tu empresa.<\/p>\n<p><img loading=\"lazy\" decoding=\"async\" src=\"https:\/\/www.tiendanatomi.com\/wp-content\/uploads\/2026\/04\/icono-8.png\" width=\"15\" height=\"14\" alt=\"\" class=\"wp-image-51 alignnone size-full\" \/> Excelente relaci\u00f3n calidad-precio: Productos duraderos que representan una inversi\u00f3n inteligente.<\/p>\n<p>[\/et_pb_text][\/et_pb_column][\/et_pb_row][\/et_pb_section][et_pb_section fb_built=\u00bb1&#8243; _builder_version=\u00bb4.27.4&#8243; _module_preset=\u00bbdefault\u00bb custom_padding=\u00bb||33px|||\u00bb global_colors_info=\u00bb{}\u00bb][et_pb_row _builder_version=\u00bb4.27.4&#8243; _module_preset=\u00bbdefault\u00bb custom_padding=\u00bb11px|||||\u00bb animation_style=\u00bbslide\u00bb global_colors_info=\u00bb{}\u00bb][et_pb_column type=\u00bb4_4&#8243; _builder_version=\u00bb4.27.4&#8243; _module_preset=\u00bbdefault\u00bb global_colors_info=\u00bb{}\u00bb][et_pb_text _builder_version=\u00bb4.27.4&#8243; _module_preset=\u00bbdefault\u00bb text_font=\u00bb&#8211;et_global_body_font|600|||||||\u00bb text_text_color=\u00bb#5f38a5&#8243; text_font_size=\u00bb38px\u00bb text_line_height=\u00bb1em\u00bb text_orientation=\u00bbcenter\u00bb custom_margin=\u00bb13px||1px|||\u00bb global_colors_info=\u00bb{}\u00bb]<\/p>\n<p>Nuestros<\/p>\n<p>[\/et_pb_text][et_pb_text _builder_version=\u00bb4.27.4&#8243; _module_preset=\u00bbdefault\u00bb text_font=\u00bb&#8211;et_global_body_font|600|||||||\u00bb text_text_color=\u00bb#ee3642&#8243; text_font_size=\u00bb33px\u00bb text_line_height=\u00bb1em\u00bb text_orientation=\u00bbcenter\u00bb custom_margin=\u00bb3px|||||\u00bb custom_padding=\u00bb1px|||||\u00bb global_colors_info=\u00bb{}\u00bb]<\/p>\n<p>Productos y servicios<\/p>\n<p>[\/et_pb_text][\/et_pb_column][\/et_pb_row][et_pb_row column_structure=\u00bb1_3,1_3,1_3&#8243; make_equal=\u00bbon\u00bb _builder_version=\u00bb4.27.4&#8243; _module_preset=\u00bbdefault\u00bb background_color=\u00bbRGBA(255,255,255,0)\u00bb custom_padding=\u00bb21px|||||\u00bb global_colors_info=\u00bb{}\u00bb][et_pb_column type=\u00bb1_3&#8243; _builder_version=\u00bb4.27.4&#8243; _module_preset=\u00bbdefault\u00bb use_background_color_gradient=\u00bbon\u00bb background_color_gradient_type=\u00bbcircular\u00bb background_color_gradient_direction_radial=\u00bbtop left\u00bb background_color_gradient_stops=\u00bb#ffffff 1%|#eecaca 100%\u00bb border_radii=\u00bboff|20px|20px|20px|50px\u00bb global_colors_info=\u00bb{}\u00bb][et_pb_blurb title=\u00bbUniformes antifluidos\u00bb image=\u00bbhttps:\/\/www.tiendanatomi.com\/wp-content\/uploads\/2026\/04\/icono5.png\u00bb image_icon_width=\u00bb105px\u00bb icon_alignment=\u00bbleft\u00bb _builder_version=\u00bb4.27.4&#8243; _module_preset=\u00bbdefault\u00bb header_text_color=\u00bb#5f38a5&#8243; header_font_size=\u00bb21px\u00bb body_text_color=\u00bb#000000&#8243; body_font_size=\u00bb17px\u00bb image_icon_custom_margin=\u00bb||||false|false\u00bb image_icon_custom_padding=\u00bb||||false|false\u00bb custom_padding=\u00bb20px|20px|20px|20px|false|true\u00bb animation_style=\u00bbslide\u00bb border_radii=\u00bboff|20px|20px|20px|50px\u00bb global_colors_info=\u00bb{}\u00bb]<\/p>\n<ul>\n<li>Para hombres y mujeres<\/li>\n<li>Batas m\u00e9dicas<\/li>\n<li>Dise\u00f1os c\u00f3modos y modernos<\/li>\n<\/ul>\n<p>[\/et_pb_blurb][\/et_pb_column][et_pb_column type=\u00bb1_3&#8243; _builder_version=\u00bb4.27.4&#8243; _module_preset=\u00bbdefault\u00bb use_background_color_gradient=\u00bbon\u00bb background_color_gradient_type=\u00bbcircular\u00bb background_color_gradient_direction_radial=\u00bbtop left\u00bb background_color_gradient_stops=\u00bb#ffffff 1%|#eecaca 100%\u00bb border_radii=\u00bboff|20px|20px|20px|50px\u00bb global_colors_info=\u00bb{}\u00bb][et_pb_blurb title=\u00bbDotaciones empresariales\u00bb image=\u00bbhttps:\/\/www.tiendanatomi.com\/wp-content\/uploads\/2026\/04\/icono6.png\u00bb image_icon_width=\u00bb105px\u00bb icon_alignment=\u00bbleft\u00bb _builder_version=\u00bb4.27.4&#8243; _module_preset=\u00bbdefault\u00bb header_text_color=\u00bb#5f38a5&#8243; header_font_size=\u00bb21px\u00bb body_text_color=\u00bb#000000&#8243; body_font_size=\u00bb17px\u00bb image_icon_custom_margin=\u00bb||||false|false\u00bb image_icon_custom_padding=\u00bb||||false|false\u00bb custom_padding=\u00bb20px|20px|20px|20px|false|true\u00bb animation_style=\u00bbslide\u00bb border_radii=\u00bboff|20px|20px|20px|50px\u00bb global_colors_info=\u00bb{}\u00bb]<\/p>\n<ul>\n<li>Producci\u00f3n por volumen<\/li>\n<li>Asesor\u00eda en selecci\u00f3n de telas y dise\u00f1os<\/li>\n<li>Cumplimiento en tiempos de entrega<\/li>\n<\/ul>\n<p>[\/et_pb_blurb][\/et_pb_column][et_pb_column type=\u00bb1_3&#8243; _builder_version=\u00bb4.27.4&#8243; _module_preset=\u00bbdefault\u00bb use_background_color_gradient=\u00bbon\u00bb background_color_gradient_type=\u00bbcircular\u00bb background_color_gradient_direction_radial=\u00bbtop left\u00bb background_color_gradient_stops=\u00bb#ffffff 1%|#eecaca 100%\u00bb border_radii=\u00bboff|20px|20px|20px|50px\u00bb global_colors_info=\u00bb{}\u00bb][et_pb_blurb title=\u00bbPersonalizaci\u00f3n\u00bb image=\u00bbhttps:\/\/www.tiendanatomi.com\/wp-content\/uploads\/2026\/04\/icono7.png\u00bb image_icon_width=\u00bb105px\u00bb icon_alignment=\u00bbleft\u00bb _builder_version=\u00bb4.27.4&#8243; _module_preset=\u00bbdefault\u00bb header_text_color=\u00bb#5f38a5&#8243; header_font_size=\u00bb21px\u00bb body_text_color=\u00bb#000000&#8243; body_font_size=\u00bb17px\u00bb image_icon_custom_margin=\u00bb||||false|false\u00bb image_icon_custom_padding=\u00bb||||false|false\u00bb custom_padding=\u00bb20px|20px|20px|20px|false|true\u00bb animation_style=\u00bbslide\u00bb border_radii=\u00bboff|20px|20px|20px|50px\u00bb global_colors_info=\u00bb{}\u00bb]<\/p>\n<ul>\n<li>Bordados con logos<\/li>\n<li>Colores corporativos<\/li>\n<li>Ajustes seg\u00fan imagen institucional<\/li>\n<\/ul>\n<p>[\/et_pb_blurb][\/et_pb_column][\/et_pb_row][\/et_pb_section]<\/p>\n","protected":false},"excerpt":{"rendered":"<p>ProductosDestacadosPagos ContraentregaEnv\u00edos R\u00e1pidosCompraSeguraProductos de CalidadQui\u00e9nes somosEn Natomi somos una empresa colombiana dedicada a la confecci\u00f3n y comercializaci\u00f3n de uniformes antifluido de alta calidad. Nos apasiona ofrecer prendas que combinan protecci\u00f3n, comodidad y estilo, entendiendo las exigencias del d\u00eda a d\u00eda en entornos laborales donde la higiene, la seguridad y la presentaci\u00f3n son fundamentales. Cada una [&hellip;]<\/p>\n","protected":false},"author":1,"featured_media":0,"parent":0,"menu_order":0,"comment_status":"closed","ping_status":"closed","template":"","meta":{"_et_pb_use_builder":"on","_et_pb_old_content":"","_et_gb_content_width":"","rs_blank_template":"","rs_page_bg_color":"","slide_template_v7":"","footnotes":""},"class_list":["post-23","page","type-page","status-publish","hentry"],"_links":{"self":[{"href":"https:\/\/www.tiendanatomi.com\/index.php?rest_route=\/wp\/v2\/pages\/23","targetHints":{"allow":["GET"]}}],"collection":[{"href":"https:\/\/www.tiendanatomi.com\/index.php?rest_route=\/wp\/v2\/pages"}],"about":[{"href":"https:\/\/www.tiendanatomi.com\/index.php?rest_route=\/wp\/v2\/types\/page"}],"author":[{"embeddable":true,"href":"https:\/\/www.tiendanatomi.com\/index.php?rest_route=\/wp\/v2\/users\/1"}],"replies":[{"embeddable":true,"href":"https:\/\/www.tiendanatomi.com\/index.php?rest_route=%2Fwp%2Fv2%2Fcomments&post=23"}],"version-history":[{"count":4,"href":"https:\/\/www.tiendanatomi.com\/index.php?rest_route=\/wp\/v2\/pages\/23\/revisions"}],"predecessor-version":[{"id":123,"href":"https:\/\/www.tiendanatomi.com\/index.php?rest_route=\/wp\/v2\/pages\/23\/revisions\/123"}],"wp:attachment":[{"href":"https:\/\/www.tiendanatomi.com\/index.php?rest_route=%2Fwp%2Fv2%2Fmedia&parent=23"}],"curies":[{"name":"wp","href":"https:\/\/api.w.org\/{rel}","templated":true}]}}